{"id":11216,"date":"2017-11-29T19:26:36","date_gmt":"2017-11-29T18:26:36","guid":{"rendered":"https:\/\/incees47.com\/services\/"},"modified":"2024-09-25T11:39:10","modified_gmt":"2024-09-25T10:39:10","slug":"services","status":"publish","type":"page","link":"https:\/\/incees47.com\/fr\/services\/","title":{"rendered":"Services"},"content":{"rendered":"<div class=\"wpb-content-wrapper\"><p>[vc_row text_parallax_offset=\u00a0\u00bb200&Prime; css=\u00a0\u00bb.vc_custom_1546279249590{background-position: center !important;background-repeat: no-repeat !important;background-size: cover !important;}\u00a0\u00bb text_paralax=\u00a0\u00bbOSTERISK\u00a0\u00bb animation_delay=\u00a0\u00bb300&Prime;][vc_column width=\u00a0\u00bb3\/12&Prime;][\/vc_column][vc_column width=\u00a0\u00bb6\/12&Prime;]<div class='wd_empty_space' data-heightmobile='' data-heighttablet='' data-heightdesktop=''><\/div><div class=\"wd-heading text-center  animated  \" style=\"max-width: 100%\" data-animated=fadeInUp>\r\n\t\t\t\t\t\t\t\r\n\t\t<h2 style=\"margin:0;\" class=\"title_a\">\r\n\t\tAppels Entrants\t\t<\/h2>\r\n\r\n\t\t\r\n\t\t<\/div>\r\n\t<div class='wd_empty_space' data-heightmobile='20' data-heighttablet='20' data-heightdesktop='20'><\/div>[\/vc_column][vc_column width=\u00a0\u00bb3\/12&Prime;][\/vc_column][\/vc_row][vc_row full_width=\u00a0\u00bbstretch_row\u00a0\u00bb gap=\u00a0\u00bb10&Prime; css=\u00a0\u00bb.vc_custom_1540829682181{background-position: 0 0 !important;background-repeat: no-repeat !important;}\u00a0\u00bb animation_delay=\u00a0\u00bb300&Prime;][vc_column width=\u00a0\u00bb1\/3&Prime;]\r\n\t<div class=\" vc_custom_1724259637025 no-hover text-icon text-icon--icon-left_position animated  boxes  clearfix\"  data-animated=fadeInUp>\r\n\t\t<div class=\"text-icon__container   \">\r\n\t\t\t\t<div class=\"text-icon__icon-box \">\r\n\t\t\t\t\t\t\t\t\t\t\t\t<img decoding=\"async\"  src=\"https:\/\/incees47.com\/wp-content\/uploads\/2024\/08\/person-feedback-svgrepo-com.svg\" alt='icon' \/>\r\n\t\t\t\t\t\t\t\t\t<\/div>\r\n\t\t\t\t<div class=\"text-icon__content-box\"  >\r\n\t\t\t\t\t<h4 class=\"text-icon__title \">\r\n\t\t\t\t\t\tService Client\t\t\t\t\t<\/h4>\r\n\t\t\t\t\t<p class=\"text-icon__text  \">\r\n\t\t\t\t\t\t\tOffrez \u00e0 vos clients un service exceptionnel, avec des agents d\u00e9di\u00e9s pour r\u00e9soudre leurs probl\u00e8mes et r\u00e9pondre \u00e0 leurs questions.\t\t\t\t\t<\/p>\r\n\t\t\t\t\t\t\t\t\t<\/div>\r\n\t\t<\/div>\r\n\t<\/div>\r\n\r\n\t[\/vc_column][vc_column width=\u00a0\u00bb1\/3&Prime;]\r\n\t<div class=\" vc_custom_1724259649232 no-hover text-icon text-icon--icon-left_position animated  boxes  clearfix\"  data-animated=fadeInUp>\r\n\t\t<div class=\"text-icon__container   \">\r\n\t\t\t\t<div class=\"text-icon__icon-box \">\r\n\t\t\t\t\t\t\t\t\t\t\t\t<img decoding=\"async\"  src=\"https:\/\/incees47.com\/wp-content\/uploads\/2024\/08\/person-support-svgrepo-com.svg\" alt='icon' \/>\r\n\t\t\t\t\t\t\t\t\t<\/div>\r\n\t\t\t\t<div class=\"text-icon__content-box\"  >\r\n\t\t\t\t\t<h4 class=\"text-icon__title \">\r\n\t\t\t\t\t\tSupport Technique\t\t\t\t\t<\/h4>\r\n\t\t\t\t\t<p class=\"text-icon__text  \">\r\n\t\t\t\t\t\t\tNos experts techniques sont disponibles pour assister vos utilisateurs, garantissant une r\u00e9solution rapide et efficace de leurs probl\u00e8mes.\t\t\t\t\t<\/p>\r\n\t\t\t\t\t\t\t\t\t<\/div>\r\n\t\t<\/div>\r\n\t<\/div>\r\n\r\n\t[\/vc_column][vc_column width=\u00a0\u00bb1\/3&Prime;]\r\n\t<div class=\" vc_custom_1724259701197 no-hover text-icon text-icon--icon-left_position animated  boxes  clearfix\"  data-animated=fadeInUp>\r\n\t\t<div class=\"text-icon__container   \">\r\n\t\t\t\t<div class=\"text-icon__icon-box \">\r\n\t\t\t\t\t\t\t\t\t\t\t\t<img decoding=\"async\"  src=\"https:\/\/incees47.com\/wp-content\/uploads\/2024\/08\/shifts-pending-svgrepo-com.svg\" alt='icon' \/>\r\n\t\t\t\t\t\t\t\t\t<\/div>\r\n\t\t\t\t<div class=\"text-icon__content-box\"  >\r\n\t\t\t\t\t<h4 class=\"text-icon__title \">\r\n\t\t\t\t\t\tPlanification de Rendez-vous\t\t\t\t\t<\/h4>\r\n\t\t\t\t\t<p class=\"text-icon__text  \">\r\n\t\t\t\t\t\t\tOptimisez la gestion de vos plannings avec notre service professionnel de planification de rendez-vous.\t\t\t\t\t<\/p>\r\n\t\t\t\t\t\t\t\t\t<\/div>\r\n\t\t<\/div>\r\n\t<\/div>\r\n\r\n\t\r\n\r\n<div class=\"wd_empty_space\" data-heightmobile=\"10\" data-heighttablet=\"20\" data-heightdesktop=\"90\">\r\n\r\n<\/div>\r\n      \r\n\r\n\r\n\r\n        \r\n      \r\n    [\/vc_column][\/vc_row][vc_row text_parallax_offset=\u00a0\u00bb200&Prime; css=\u00a0\u00bb.vc_custom_1724258595914{margin-top: 80px !important;background-position: center !important;background-repeat: no-repeat !important;background-size: cover !important;}\u00a0\u00bb text_paralax=\u00a0\u00bbOSTERISK\u00a0\u00bb animation_delay=\u00a0\u00bb300&Prime;][vc_column width=\u00a0\u00bb3\/12&Prime;][\/vc_column][vc_column width=\u00a0\u00bb6\/12&Prime;]<div class='wd_empty_space' data-heightmobile='' data-heighttablet='' data-heightdesktop=''><\/div><div class=\"wd-heading text-center  animated  \" style=\"max-width: 100%\" data-animated=fadeInUp>\r\n\t\t\t\t\t\t\t\r\n\t\t<h2 style=\"margin:0;\" class=\"title_a\">\r\n\t\tAppels Sortants\t\t<\/h2>\r\n\r\n\t\t\r\n\t\t<\/div>\r\n\t<div class='wd_empty_space' data-heightmobile='20' data-heighttablet='20' data-heightdesktop='20'><\/div>[\/vc_column][vc_column width=\u00a0\u00bb3\/12&Prime;][\/vc_column][\/vc_row][vc_row full_width=\u00a0\u00bbstretch_row\u00a0\u00bb gap=\u00a0\u00bb10&Prime; css=\u00a0\u00bb.vc_custom_1540829682181{background-position: 0 0 !important;background-repeat: no-repeat !important;}\u00a0\u00bb animation_delay=\u00a0\u00bb300&Prime;][vc_column width=\u00a0\u00bb1\/3&Prime;]\r\n\t<div class=\" vc_custom_1724259392924 no-hover text-icon text-icon--icon-left_position animated  boxes  clearfix\"  data-animated=fadeInUp>\r\n\t\t<div class=\"text-icon__container   \">\r\n\t\t\t\t<div class=\"text-icon__icon-box \">\r\n\t\t\t\t\t\t\t\t\t\t\t\t<img decoding=\"async\"  src=\"https:\/\/incees47.com\/wp-content\/uploads\/2024\/08\/call-outbound-svgrepo-com-1.svg\" alt='icon' \/>\r\n\t\t\t\t\t\t\t\t\t<\/div>\r\n\t\t\t\t<div class=\"text-icon__content-box\"  >\r\n\t\t\t\t\t<h4 class=\"text-icon__title \">\r\n\t\t\t\t\t\tT\u00e9l\u00e9marketing\t\t\t\t\t<\/h4>\r\n\t\t\t\t\t<p class=\"text-icon__text  \">\r\n\t\t\t\t\t\t\tBoostez vos ventes gr\u00e2ce \u00e0 nos campagnes de t\u00e9l\u00e9marketing cibl\u00e9es, con\u00e7ues pour maximiser vos revenus.\t\t\t\t\t<\/p>\r\n\t\t\t\t\t\t\t\t\t<\/div>\r\n\t\t<\/div>\r\n\t<\/div>\r\n\r\n\t[\/vc_column][vc_column width=\u00a0\u00bb1\/3&Prime;]\r\n\t<div class=\" vc_custom_1724259346897 no-hover text-icon text-icon--icon-left_position animated  boxes  clearfix\"  data-animated=fadeInUp>\r\n\t\t<div class=\"text-icon__container   \">\r\n\t\t\t\t<div class=\"text-icon__icon-box \">\r\n\t\t\t\t\t\t\t\t\t\t\t\t<img decoding=\"async\"  src=\"https:\/\/incees47.com\/wp-content\/uploads\/2024\/08\/chat-bubbles-question-svgrepo-com-1.svg\" alt='icon' \/>\r\n\t\t\t\t\t\t\t\t\t<\/div>\r\n\t\t\t\t<div class=\"text-icon__content-box\"  >\r\n\t\t\t\t\t<h4 class=\"text-icon__title \">\r\n\t\t\t\t\t\tEnqu\u00eates et Sondages\t\t\t\t\t<\/h4>\r\n\t\t\t\t\t<p class=\"text-icon__text  \">\r\n\t\t\t\t\t\t\tCollectez des informations pr\u00e9cieuses gr\u00e2ce \u00e0 nos enqu\u00eates t\u00e9l\u00e9phoniques structur\u00e9es pour mieux comprendre vos clients.\t\t\t\t\t<\/p>\r\n\t\t\t\t\t\t\t\t\t<\/div>\r\n\t\t<\/div>\r\n\t<\/div>\r\n\r\n\t[\/vc_column][vc_column width=\u00a0\u00bb1\/3&Prime;]\r\n\t<div class=\" vc_custom_1724259486816 no-hover text-icon text-icon--icon-left_position animated  boxes  clearfix\"  data-animated=fadeInUp>\r\n\t\t<div class=\"text-icon__container   \">\r\n\t\t\t\t<div class=\"text-icon__icon-box \">\r\n\t\t\t\t\t\t\t\t\t\t\t\t<img decoding=\"async\"  src=\"https:\/\/incees47.com\/wp-content\/uploads\/2024\/08\/money-svgrepo-com.svg\" alt='icon' \/>\r\n\t\t\t\t\t\t\t\t\t<\/div>\r\n\t\t\t\t<div class=\"text-icon__content-box\"  >\r\n\t\t\t\t\t<h4 class=\"text-icon__title \">\r\n\t\t\t\t\t\tRecouvrement de Cr\u00e9ances\t\t\t\t\t<\/h4>\r\n\t\t\t\t\t<p class=\"text-icon__text  \">\r\n\t\t\t\t\t\t\tG\u00e9rez vos cr\u00e9ances de mani\u00e8re discr\u00e8te et efficace gr\u00e2ce \u00e0 notre service de recouvrement de cr\u00e9ances.\t\t\t\t\t<\/p>\r\n\t\t\t\t\t\t\t\t\t<\/div>\r\n\t\t<\/div>\r\n\t<\/div>\r\n\r\n\t\r\n\r\n<div class=\"wd_empty_space\" data-heightmobile=\"10\" data-heighttablet=\"20\" data-heightdesktop=\"90\">\r\n\r\n<\/div>\r\n      \r\n\r\n\r\n\r\n        \r\n      \r\n    [\/vc_column][\/vc_row][vc_row full_width=\u00a0\u00bbstretch_row\u00a0\u00bb background_position=\u00a0\u00bbleft center\u00a0\u00bb text_paralax=\u00a0\u00bbOSTERISK\u00a0\u00bb animation_delay=\u00a0\u00bb300&Prime; css=\u00a0\u00bb.vc_custom_1613147632809{background-image: url(https:\/\/incees47.com\/wp-content\/uploads\/2020\/06\/How-it-works@2x.png?id=3552) !important;background-position: 0 0 !important;background-repeat: no-repeat !important;}\u00a0\u00bb][vc_column css_animation=\u00a0\u00bbfadeInUp\u00a0\u00bb width=\u00a0\u00bb5\/12&Prime; css=\u00a0\u00bb.vc_custom_1536409439624{background-image: url(http:\/\/themes.webdevia.com\/customerxp-voip-cloud-services-wordpress-theme\/wp-content\/uploads\/2018\/07\/Trac\u00e9-1164.png?id=758) !important;background-position: 0 0 !important;background-repeat: no-repeat !important;}\u00a0\u00bb]\r\n\r\n<div class=\"wd_empty_space\" data-heightmobile=\"10\" data-heighttablet=\"20\" data-heightdesktop=\"130\">\r\n\r\n<\/div>\r\n      \r\n\r\n\r\n\r\n        \r\n      \r\n    <div class='wd_empty_space' data-heightmobile='' data-heighttablet='' data-heightdesktop=''><\/div><div class=\"wd-heading text-left  animated  \" style=\"max-width: 100%\" data-animated=fadeInUp>\r\n\t\t\t\t\t\t\t\t<h4 style=\"\" class=\"sub_title_a\">\r\n\t\t\tQualit\u00e9 & Efficacit\u00e9\t\t\t<\/h4>\r\n\t\t\t\t\r\n\t\t<h2 style=\"margin:0;\" class=\"title_a\">\r\n\t\tComment \u00e7a fonctionne ?\t\t<\/h2>\r\n\r\n\t\t\r\n\t\t<\/div>\r\n\t<div class='wd_empty_space' data-heightmobile='' data-heighttablet='' data-heightdesktop=''><\/div>\r\n\r\n<div class=\"wd_empty_space\" data-heightmobile=\"15\" data-heighttablet=\"15\" data-heightdesktop=\"15\">\r\n\r\n<\/div>\r\n      \r\n\r\n\r\n\r\n        \r\n      \r\n    [vc_column_text]<\/p>\n<p style=\"text-align: left; max-width: 500px;\">Des logiciels plus intelligents \u00e0 la formation sp\u00e9cialis\u00e9e des agents, notre expertise multicanal maintenant ou demain ultra good ok nice go away encourage l&rsquo;engagement, ce qui augmente m\u00eame la satisfaction et favorise la conversion.<\/p>\n<p>[\/vc_column_text]\r\n\r\n<div class=\"wd_empty_space\" data-heightmobile=\"15\" data-heighttablet=\"20\" data-heightdesktop=\"20\">\r\n\r\n<\/div>\r\n      \r\n\r\n\r\n\r\n        \r\n      \r\n    [vc_video video_module_mode=\u00a0\u00bbfull_screen\u00a0\u00bb video_id=\u00a0\u00bbv9nBysHSzhE\u00a0\u00bb title=\u00a0\u00bbVoir comment\u00a0\u00bb][\/vc_column][vc_column width=\u00a0\u00bb7\/12&Prime;][vc_single_image image=\u00a0\u00bb9812&Prime; img_size=\u00a0\u00bbfull\u00a0\u00bb css_animation=\u00a0\u00bbfadeInUp\u00a0\u00bb][\/vc_column][\/vc_row][vc_row full_width=\u00a0\u00bbstretch_row\u00a0\u00bb background_position=\u00a0\u00bbright center\u00a0\u00bb text_paralax=\u00a0\u00bbOSTERISK\u00a0\u00bb animation_delay=\u00a0\u00bb300&Prime; css=\u00a0\u00bb.vc_custom_1613149338277{background-image: url(https:\/\/incees47.com\/wp-content\/uploads\/2020\/11\/how-it-works-bg.png?id=5375) !important;background-position: 0 0 !important;background-repeat: no-repeat !important;}\u00a0\u00bb][vc_column][vc_row_inner css=\u00a0\u00bb.vc_custom_1613149153610{background-position: 0 0 !important;background-repeat: no-repeat !important;}\u00a0\u00bb][vc_column_inner width=\u00a0\u00bb1\/2&Prime;][vc_single_image image=\u00a0\u00bb4786&Prime; img_size=\u00a0\u00bbfull\u00a0\u00bb css_animation=\u00a0\u00bbfadeInUp\u00a0\u00bb el_class=\u00a0\u00bbmoved-left-img\u00a0\u00bb][\/vc_column_inner][vc_column_inner width=\u00a0\u00bb1\/12&Prime;][\/vc_column_inner][vc_column_inner width=\u00a0\u00bb5\/12&Prime; css=\u00a0\u00bb.vc_custom_1539168542355{padding-right: 15px !important;padding-left: 15px !important;}\u00a0\u00bb]\r\n\r\n<div class=\"wd_empty_space\" data-heightmobile=\"0\" data-heighttablet=\"200\" data-heightdesktop=\"200\">\r\n\r\n<\/div>\r\n      \r\n\r\n\r\n\r\n        \r\n      \r\n    <div class='wd_empty_space' data-heightmobile='' data-heighttablet='' data-heightdesktop=''><\/div><div class=\"wd-heading text-left  animated  \" style=\"max-width: 100%\" data-animated=fadeInUp>\r\n\t\t\t\t\t\t\t\t<h4 style=\"\" class=\"sub_title_a\">\r\n\t\t\tQualit\u00e9 & Efficacit\u00e9\t\t\t<\/h4>\r\n\t\t\t\t\r\n\t\t<h6 style=\"margin:0;\" class=\"title_a\">\r\n\t\tAppels Rapides et S\u00e9curis\u00e9s\t\t<\/h6>\r\n\r\n\t\t\r\n\t\t<\/div>\r\n\t<div class='wd_empty_space' data-heightmobile='' data-heighttablet='' data-heightdesktop=''><\/div>\r\n\r\n<div class=\"wd_empty_space\" data-heightmobile=\"50\" data-heighttablet=\"50\" data-heightdesktop=\"50\">\r\n\r\n<\/div>\r\n      \r\n\r\n\r\n\r\n        \r\n      \r\n    \r\n\t\t\t<div class=\"wd-progress-bar-container\">\r\n\t\t\t\t<ul class=\"wd-progress-bar\">\r\n\t\t\t\t\t\t\t\t\t\t\t<li class=\" animated \" data-animated=fadeInUp>\r\n\t\t\t\t\t\t\t<h6 class=\"label-bar\" style=\"color: #001774\">Voix d&#039;Entreprise<\/h6>\r\n\t\t\t\t\t\t\t<span class=\"value-bar\" style=\"color: #001774\">80%<\/span>\r\n\t\t\t\t\t\t\t<div class=\"progress large-12\">\r\n\t\t\t\t\t\t\t\t<span class=\"meter\" style=\"width: 80%; background: var(--headings-color)\"><\/span>\r\n\t\t\t\t\t\t\t<\/div>\r\n\t\t\t\t\t\t<\/li>\r\n\t\t\t\t\t\t\t\t\t\t\t\t<li class=\" animated \" data-animated=fadeInUp>\r\n\t\t\t\t\t\t\t<h6 class=\"label-bar\" style=\"color: initial\">Communications Unifi\u00e9es<\/h6>\r\n\t\t\t\t\t\t\t<span class=\"value-bar\" style=\"color: initial\">80%<\/span>\r\n\t\t\t\t\t\t\t<div class=\"progress large-12\">\r\n\t\t\t\t\t\t\t\t<span class=\"meter\" style=\"width: 80%; background: #ff337f\"><\/span>\r\n\t\t\t\t\t\t\t<\/div>\r\n\t\t\t\t\t\t<\/li>\r\n\t\t\t\t\t\t\t\t\t\t\t\t<li class=\" animated \" data-animated=fadeInUp>\r\n\t\t\t\t\t\t\t<h6 class=\"label-bar\" style=\"color: initial\">Entr\u00e9e de Contact<\/h6>\r\n\t\t\t\t\t\t\t<span class=\"value-bar\" style=\"color: initial\">70%<\/span>\r\n\t\t\t\t\t\t\t<div class=\"progress large-12\">\r\n\t\t\t\t\t\t\t\t<span class=\"meter\" style=\"width: 70%; background: #000000\"><\/span>\r\n\t\t\t\t\t\t\t<\/div>\r\n\t\t\t\t\t\t<\/li>\r\n\t\t\t\t\t\t\t\t\t\t\t\t<li class=\" animated \" data-animated=fadeInUp>\r\n\t\t\t\t\t\t\t<h6 class=\"label-bar\" style=\"color: initial\">Services R\u00e9seau<\/h6>\r\n\t\t\t\t\t\t\t<span class=\"value-bar\" style=\"color: initial\">80%<\/span>\r\n\t\t\t\t\t\t\t<div class=\"progress large-12\">\r\n\t\t\t\t\t\t\t\t<span class=\"meter\" style=\"width: 80%; background: #3a46d1\"><\/span>\r\n\t\t\t\t\t\t\t<\/div>\r\n\t\t\t\t\t\t<\/li>\r\n\t\t\t\t\t\t\t\t\t\t<\/ul>\r\n\t\t\t<\/div>\r\n\r\n\t\t\t\r\n  <div\r\n    class=\"wd-btn-wrap text-left  animated \" data-animated=fadeInUp>\r\n    <a href=\"\" class=\"wd-btn btn-underline btn-color-1 hover-color-1 btn-medium btn-radius  icon-after\"\r\n      \r\n\r\n    >\r\n              <span class=\"button-wrp\">\r\n\t\t\t\t\t          <span>VOIR PLUS<\/span>\r\n                      <i class=\"fas fa-arrow-right after\"><\/i>\r\n          \t\t\t\t<\/span>\r\n          <\/a>\r\n  <\/div>\r\n\r\n  \r\n\r\n<div class=\"wd_empty_space\" data-heightmobile=\"50\" data-heighttablet=\"50\" data-heightdesktop=\"230\">\r\n\r\n<\/div>\r\n      \r\n\r\n\r\n\r\n        \r\n      \r\n    [\/vc_column_inner][\/vc_row_inner][\/vc_column][\/vc_row]<\/p>\n<\/div>","protected":false},"excerpt":{"rendered":"<p>[vc_row text_parallax_offset=\u00a0\u00bb200&Prime; css=\u00a0\u00bb.vc_custom_1546279249590{background-position: center !important;background-repeat: no-repeat !important;background-size: cover !important;}\u00a0\u00bb text_paralax=\u00a0\u00bbOSTERISK\u00a0\u00bb animation_delay=\u00a0\u00bb300&Prime;][vc_column width=\u00a0\u00bb3\/12&Prime;][\/vc_column][vc_column width=\u00a0\u00bb6\/12&Prime;][\/vc_column][vc_column width=\u00a0\u00bb3\/12&Prime;][\/vc_column][\/vc_row][vc_row full_width=\u00a0\u00bbstretch_row\u00a0\u00bb gap=\u00a0\u00bb10&Prime; css=\u00a0\u00bb.vc_custom_1540829682181{background-position: 0 0 !important;background-repeat: no-repeat !important;}\u00a0\u00bb animation_delay=\u00a0\u00bb300&Prime;][vc_column width=\u00a0\u00bb1\/3&Prime;][\/vc_column][vc_column width=\u00a0\u00bb1\/3&Prime;][\/vc_column][vc_column width=\u00a0\u00bb1\/3&Prime;][\/vc_column][\/vc_row][vc_row text_parallax_offset=\u00a0\u00bb200&Prime; css=\u00a0\u00bb.vc_custom_1724258595914{margin-top: 80px !important;background-position: center !important;background-repeat: no-repeat !important;background-size: cover !important;}\u00a0\u00bb text_paralax=\u00a0\u00bbOSTERISK\u00a0\u00bb animation_delay=\u00a0\u00bb300&Prime;][vc_column width=\u00a0\u00bb3\/12&Prime;][\/vc_column][vc_column width=\u00a0\u00bb6\/12&Prime;][\/vc_column][vc_column width=\u00a0\u00bb3\/12&Prime;][\/vc_column][\/vc_row][vc_row full_width=\u00a0\u00bbstretch_row\u00a0\u00bb gap=\u00a0\u00bb10&Prime; css=\u00a0\u00bb.vc_custom_1540829682181{background-position: 0 0 !important;background-repeat: no-repeat !important;}\u00a0\u00bb animation_delay=\u00a0\u00bb300&Prime;][vc_column width=\u00a0\u00bb1\/3&Prime;][\/vc_column][vc_column width=\u00a0\u00bb1\/3&Prime;][\/vc_column][vc_column width=\u00a0\u00bb1\/3&Prime;][\/vc_column][\/vc_row][vc_row full_width=\u00a0\u00bbstretch_row\u00a0\u00bb background_position=\u00a0\u00bbleft [&hellip;]<\/p>\n","protected":false},"author":1,"featured_media":0,"parent":0,"menu_order":0,"comment_status":"closed","ping_status":"closed","template":"","meta":{"footnotes":""},"class_list":["post-11216","page","type-page","status-publish","hentry"],"_links":{"self":[{"href":"https:\/\/incees47.com\/fr\/wp-json\/wp\/v2\/pages\/11216","targetHints":{"allow":["GET"]}}],"collection":[{"href":"https:\/\/incees47.com\/fr\/wp-json\/wp\/v2\/pages"}],"about":[{"href":"https:\/\/incees47.com\/fr\/wp-json\/wp\/v2\/types\/page"}],"author":[{"embeddable":true,"href":"https:\/\/incees47.com\/fr\/wp-json\/wp\/v2\/users\/1"}],"replies":[{"embeddable":true,"href":"https:\/\/incees47.com\/fr\/wp-json\/wp\/v2\/comments?post=11216"}],"version-history":[{"count":6,"href":"https:\/\/incees47.com\/fr\/wp-json\/wp\/v2\/pages\/11216\/revisions"}],"predecessor-version":[{"id":11240,"href":"https:\/\/incees47.com\/fr\/wp-json\/wp\/v2\/pages\/11216\/revisions\/11240"}],"wp:attachment":[{"href":"https:\/\/incees47.com\/fr\/wp-json\/wp\/v2\/media?parent=11216"}],"curies":[{"name":"wp","href":"https:\/\/api.w.org\/{rel}","templated":true}]}}