{"id":11213,"date":"2017-11-29T14:44:03","date_gmt":"2017-11-29T13:44:03","guid":{"rendered":"https:\/\/incees47.com\/a-propos-de\/"},"modified":"2024-10-04T12:46:43","modified_gmt":"2024-10-04T11:46:43","slug":"a-propos","status":"publish","type":"page","link":"https:\/\/incees47.com\/fr\/a-propos\/","title":{"rendered":"\u00c0 propos"},"content":{"rendered":"<div class=\"wpb-content-wrapper\"><p>[vc_row content_placement=\u00a0\u00bbmiddle\u00a0\u00bb css=\u00a0\u00bb.vc_custom_1724257189597{margin-top: -40px !important;margin-bottom: 140px !important;}\u00a0\u00bb][vc_column width=\u00a0\u00bb1\/2&Prime;][vc_row_inner][vc_column_inner]<div class='wd_empty_space' data-heightmobile='' data-heighttablet='' data-heightdesktop=''><\/div><div class=\"wd-heading text-left  animated  \" style=\"max-width: 100%\" data-animated=fadeInUp>\r\n\t\r\n\t\t\r\n\t\t<h2 style=\"margin:0;\" class=\"title_a\">\r\n\t\tQui Nous Sommes\t\t<\/h2>\r\n\r\n\t\t<hr class='hr_a' style=' margin: 10px;width: 4px;border-bottom-color: #ffffff;'\/>\t\t\t\t\t<p style=\"\" class=\"sub_title_a\">\r\n\t\t\tInCees47 est bien plus qu'un simple centre d'appels. Nous sommes une startup dynamique, propuls\u00e9e par de jeunes talents dot\u00e9s de la motivation et des comp\u00e9tences professionnelles n\u00e9cessaires pour r\u00e9pondre \u00e0 vos besoins. Gr\u00e2ce \u00e0 notre professionnalisme, notre flexibilit\u00e9 et notre engagement ind\u00e9fectible envers nos clients, chaque interaction devient une opportunit\u00e9 d'excellence.\t\t\t<\/p>\r\n\t\t\t\t\r\n\t\t<\/div>\r\n\t<div class='wd_empty_space' data-heightmobile='' data-heighttablet='' data-heightdesktop=''><\/div>\r\n\r\n<div class=\"wd_empty_space\" data-heightmobile=\"15\" data-heighttablet=\"20\" data-heightdesktop=\"50\">\r\n\r\n<\/div>\r\n      \r\n\r\n\r\n\r\n        \r\n      \r\n    \r\n  <div\r\n    class=\"wd-btn-wrap text-left \" >\r\n    <a href=\"https:\/\/incees47.com\/fr\/contactez-nous\/\" class=\"wd-btn btn-solid btn-color-1 hover-color-2 btn-medium btn-radius  icon-after\"\r\n      \r\n\r\n    >\r\n      Demandez Un Devis    <\/a>\r\n  <\/div>\r\n\r\n  [\/vc_column_inner][\/vc_row_inner][\/vc_column][vc_column width=\u00a0\u00bb1\/2&Prime;][vc_single_image image=\u00a0\u00bb10597&Prime; img_size=\u00a0\u00bb580px\u00a0\u00bb][\/vc_column][\/vc_row][vc_row full_width=\u00a0\u00bbstretch_row\u00a0\u00bb disable_element=\u00a0\u00bbyes\u00a0\u00bb background_position=\u00a0\u00bbleft center\u00a0\u00bb css=\u00a0\u00bb.vc_custom_1724257058171{background-position: center !important;background-repeat: no-repeat !important;background-size: cover !important;}\u00a0\u00bb][vc_column css=\u00a0\u00bb.vc_custom_1532627685696{padding-top: 0px !important;}\u00a0\u00bb]\r\n\r\n<div class=\"wd_empty_space\" data-heightmobile=\"20\" data-heighttablet=\"30\" data-heightdesktop=\"140\">\r\n\r\n<\/div>\r\n      \r\n\r\n\r\n\r\n        \r\n      \r\n    <div class='wd_empty_space' data-heightmobile='' data-heighttablet='' data-heightdesktop=''><\/div><div class=\"wd-heading text-center  \" style=\"max-width: 100%\" >\r\n\t\t\t\t\t\t\t\t<h4 style=\"font-weight:400;\" class=\"sub_title_a\">\r\n\t\t\tExpert Team\t\t\t<\/h4>\r\n\t\t\t\t\r\n\t\t<h2 style=\"margin:0;\" class=\"title_a\">\r\n\t\tProfessional Team\t\t<\/h2>\r\n\r\n\t\t\r\n\t\t<\/div>\r\n\t<div class='wd_empty_space' data-heightmobile='' data-heighttablet='' data-heightdesktop=''><\/div>\r\n\r\n<div class=\"wd_empty_space\" data-heightmobile=\"25\" data-heighttablet=\"40\" data-heightdesktop=\"100\">\r\n\r\n<\/div>\r\n      \r\n\r\n\r\n\r\n        \r\n      \r\n    [vc_row_inner][vc_column_inner]\r\n\t\t<ul class=\"team-list-style2 small-up-1 medium-up-2 large-up-4  clearfix\">\r\n\t\t\t\t\t<li class=\" column column-block\" >\r\n\t\t\t\t<div class=\"team-member\">\r\n\t\t\t\t\t<div class=\"team-member__picture\">\r\n\t\t\t\t\t\t\t\t\t\t\t<\/div>\r\n\t\t\t\t\t<div class=\"team-member__info\">\r\n\t\t\t\t\t\t<h4 class=\"team-member__name\"><span>Alex Valdemir<\/span><\/h4>\r\n\t\t\t\t\t\t\t\t\t\t\t\t\t<p class=\"team-member__job\"><span>Senior Director<\/span><\/p>\r\n\t\t\t\t\t\t\t\t\t\t\t<\/div>\r\n\t\t\t\t\t\t\t\t\t\t\t\t<div class=\"team-member__socialmedia\">\r\n\t\t\t\t\t\t<ul>\r\n\t\t\t\t\t\t\t\t\t\t\t\t\t\t\t<li><a href=\"#\"><i class=\"fab fa-facebook-f\"><\/i><\/a><\/li>\r\n\t\t\t\t\t\t\t\t\t\t\t\t\t\t\t<li><a href=\"#\"><i class=\"fab fa-instagram\"><\/i><\/a><\/li>\r\n\t\t\t\t\t\t\t\t\t\t\t\t\t\t\t<li><a href=\"#\"><i class=\"fab fa-twitter\"><\/i><\/a><\/li>\r\n\t\t\t\t\t\t\t\t\t\t\t\t\t<\/ul>\r\n\t\t\t\t\t<\/div>\r\n\t\t\t\t\t\t\t\t\t\t<\/div>\r\n\t\t\t<\/li>\r\n\t\t\t\t\t<li class=\" column column-block\" >\r\n\t\t\t\t<div class=\"team-member\">\r\n\t\t\t\t\t<div class=\"team-member__picture\">\r\n\t\t\t\t\t\t\t\t\t\t\t<\/div>\r\n\t\t\t\t\t<div class=\"team-member__info\">\r\n\t\t\t\t\t\t<h4 class=\"team-member__name\"><span>John Harris<\/span><\/h4>\r\n\t\t\t\t\t\t\t\t\t\t\t\t\t<p class=\"team-member__job\"><span>PROJECT MANAGER<\/span><\/p>\r\n\t\t\t\t\t\t\t\t\t\t\t<\/div>\r\n\t\t\t\t\t\t\t\t\t\t\t\t<div class=\"team-member__socialmedia\">\r\n\t\t\t\t\t\t<ul>\r\n\t\t\t\t\t\t\t\t\t\t\t\t\t\t\t<li><a href=\"#\"><i class=\"fab fa-facebook-f\"><\/i><\/a><\/li>\r\n\t\t\t\t\t\t\t\t\t\t\t\t\t\t\t<li><a href=\"#\"><i class=\"fab fa-instagram\"><\/i><\/a><\/li>\r\n\t\t\t\t\t\t\t\t\t\t\t\t\t\t\t<li><a href=\"#\"><i class=\"fab fa-twitter\"><\/i><\/a><\/li>\r\n\t\t\t\t\t\t\t\t\t\t\t\t\t<\/ul>\r\n\t\t\t\t\t<\/div>\r\n\t\t\t\t\t\t\t\t\t\t<\/div>\r\n\t\t\t<\/li>\r\n\t\t\t\t\t<li class=\" column column-block\" >\r\n\t\t\t\t<div class=\"team-member\">\r\n\t\t\t\t\t<div class=\"team-member__picture\">\r\n\t\t\t\t\t\t<img loading=\"lazy\" decoding=\"async\" width=\"600\" height=\"644\" src=\"https:\/\/incees47.com\/wp-content\/uploads\/2017\/11\/team3-1.jpg\" class=\"attachment-post-thumbnail size-post-thumbnail wp-post-image\" alt=\"\" srcset=\"https:\/\/incees47.com\/wp-content\/uploads\/2017\/11\/team3-1.jpg 600w, https:\/\/incees47.com\/wp-content\/uploads\/2017\/11\/team3-1-280x300.jpg 280w\" sizes=\"auto, (max-width: 600px) 100vw, 600px\" \/>\t\t\t\t\t<\/div>\r\n\t\t\t\t\t<div class=\"team-member__info\">\r\n\t\t\t\t\t\t<h4 class=\"team-member__name\"><span>Amine Jazouli<\/span><\/h4>\r\n\t\t\t\t\t\t\t\t\t\t\t\t\t<p class=\"team-member__job\"><span>DESIGNER<\/span><\/p>\r\n\t\t\t\t\t\t\t\t\t\t\t<\/div>\r\n\t\t\t\t\t\t\t\t\t\t\t\t<div class=\"team-member__socialmedia\">\r\n\t\t\t\t\t\t<ul>\r\n\t\t\t\t\t\t\t\t\t\t\t\t\t\t\t<li><a href=\"#\"><i class=\"fab fa-facebook-f\"><\/i><\/a><\/li>\r\n\t\t\t\t\t\t\t\t\t\t\t\t\t\t\t<li><a href=\"#\"><i class=\"fab fa-instagram\"><\/i><\/a><\/li>\r\n\t\t\t\t\t\t\t\t\t\t\t\t\t\t\t<li><a href=\"#\"><i class=\"fab fa-twitter\"><\/i><\/a><\/li>\r\n\t\t\t\t\t\t\t\t\t\t\t\t\t<\/ul>\r\n\t\t\t\t\t<\/div>\r\n\t\t\t\t\t\t\t\t\t\t<\/div>\r\n\t\t\t<\/li>\r\n\t\t\t\t\t<li class=\" column column-block\" >\r\n\t\t\t\t<div class=\"team-member\">\r\n\t\t\t\t\t<div class=\"team-member__picture\">\r\n\t\t\t\t\t\t<img loading=\"lazy\" decoding=\"async\" width=\"600\" height=\"644\" src=\"https:\/\/incees47.com\/wp-content\/uploads\/2017\/11\/team-4-1.jpg\" class=\"attachment-post-thumbnail size-post-thumbnail wp-post-image\" alt=\"\" srcset=\"https:\/\/incees47.com\/wp-content\/uploads\/2017\/11\/team-4-1.jpg 600w, https:\/\/incees47.com\/wp-content\/uploads\/2017\/11\/team-4-1-280x300.jpg 280w\" sizes=\"auto, (max-width: 600px) 100vw, 600px\" \/>\t\t\t\t\t<\/div>\r\n\t\t\t\t\t<div class=\"team-member__info\">\r\n\t\t\t\t\t\t<h4 class=\"team-member__name\"><span>Aleen Valzac<\/span><\/h4>\r\n\t\t\t\t\t\t\t\t\t\t\t\t\t<p class=\"team-member__job\"><span>CEO<\/span><\/p>\r\n\t\t\t\t\t\t\t\t\t\t\t<\/div>\r\n\t\t\t\t\t\t\t\t\t\t\t\t<div class=\"team-member__socialmedia\">\r\n\t\t\t\t\t\t<ul>\r\n\t\t\t\t\t\t\t\t\t\t\t\t\t\t\t<li><a href=\"#\"><i class=\"fab fa-facebook-f\"><\/i><\/a><\/li>\r\n\t\t\t\t\t\t\t\t\t\t\t\t\t\t\t<li><a href=\"#\"><i class=\"fab fa-instagram\"><\/i><\/a><\/li>\r\n\t\t\t\t\t\t\t\t\t\t\t\t\t\t\t<li><a href=\"#\"><i class=\"fab fa-twitter\"><\/i><\/a><\/li>\r\n\t\t\t\t\t\t\t\t\t\t\t\t\t<\/ul>\r\n\t\t\t\t\t<\/div>\r\n\t\t\t\t\t\t\t\t\t\t<\/div>\r\n\t\t\t<\/li>\r\n\t\t\t<\/ul>\r\n\t[\/vc_column_inner][\/vc_row_inner]\r\n\r\n<div class=\"wd_empty_space\" data-heightmobile=\"20\" data-heighttablet=\"50\" data-heightdesktop=\"114\">\r\n\r\n<\/div>\r\n      \r\n\r\n\r\n\r\n        \r\n      \r\n    [\/vc_column][\/vc_row][vc_row full_width=\u00a0\u00bbstretch_row\u00a0\u00bb disable_element=\u00a0\u00bbyes\u00a0\u00bb background_position=\u00a0\u00bbleft center\u00a0\u00bb css=\u00a0\u00bb.vc_custom_1724256973233{background-color: #efefef !important;background-position: center !important;background-repeat: no-repeat !important;background-size: cover !important;}\u00a0\u00bb][vc_column css=\u00a0\u00bb.vc_custom_1532627685696{padding-top: 0px !important;}\u00a0\u00bb]\r\n\r\n<div class=\"wd_empty_space\" data-heightmobile=\"20\" data-heighttablet=\"30\" data-heightdesktop=\"100\">\r\n\r\n<\/div>\r\n      \r\n\r\n\r\n\r\n        \r\n      \r\n    <div class='wd_empty_space' data-heightmobile='' data-heighttablet='' data-heightdesktop=''><\/div><div class=\"wd-heading text-center  \" style=\"max-width: 100%\" >\r\n\t\t\t\t\t\t\t\t<h4 style=\"\" class=\"sub_title_a\">\r\n\t\t\tOur Customer\t\t\t<\/h4>\r\n\t\t\t\t\r\n\t\t<h2 style=\"margin:0;\" class=\"title_a\">\r\n\t\tTestimonials\t\t<\/h2>\r\n\r\n\t\t\r\n\t\t<\/div>\r\n\t<div class='wd_empty_space' data-heightmobile='' data-heighttablet='' data-heightdesktop=''><\/div>[vc_row_inner][vc_column_inner width=\u00a0\u00bb2\/12&Prime;][\/vc_column_inner][vc_column_inner el_class=\u00a0\u00bbcustom-testimonials\u00a0\u00bb width=\u00a0\u00bb8\/12&Prime;][vc_column_text]  <div class=\"swiper-container testimonail-swiper\">\r\n  \r\n    <div class=\"swiper-wrapper\">   <\/div>\r\n  <div class=\"swiper-button-next\"><\/div>\r\n    <div class=\"swiper-button-prev\"><\/div>\r\n  <\/div>\r\n  [\/vc_column_text][\/vc_column_inner][vc_column_inner width=\u00a0\u00bb2\/12&Prime;][\/vc_column_inner][\/vc_row_inner]\r\n\r\n<div class=\"wd_empty_space\" data-heightmobile=\"20\" data-heighttablet=\"50\" data-heightdesktop=\"70\">\r\n\r\n<\/div>\r\n      \r\n\r\n\r\n\r\n        \r\n      \r\n    [\/vc_column][\/vc_row][vc_row disable_element=\u00a0\u00bbyes\u00a0\u00bb animation_delay=\u00a0\u00bb300&Prime;][vc_column]\r\n\r\n<div class=\"wd_empty_space\" data-heightmobile=\"70\" data-heighttablet=\"70\" data-heightdesktop=\"110\">\r\n\r\n<\/div>\r\n      \r\n\r\n\r\n\r\n        \r\n      \r\n    <div class='wd_empty_space' data-heightmobile='' data-heighttablet='' data-heightdesktop=''><\/div><div class=\"wd-heading text-center  animated  \" style=\"max-width: 100%\" data-animated=fadeInUp>\r\n\t\t\t\t\t\t\t\t<h4 style=\"\" class=\"sub_title_a\">\r\n\t\t\tThey trust us\t\t\t<\/h4>\r\n\t\t\t\t\r\n\t\t<h2 style=\"margin:0;\" class=\"title_a\">\r\n\t\tNumbers &amp; Achievements\t\t<\/h2>\r\n\r\n\t\t\r\n\t\t<\/div>\r\n\t<div class='wd_empty_space' data-heightmobile='' data-heighttablet='' data-heightdesktop=''><\/div>\r\n\r\n<div class=\"wd_empty_space\" data-heightmobile=\"30\" data-heighttablet=\"30\" data-heightdesktop=\"80\">\r\n\r\n<\/div>\r\n      \r\n\r\n\r\n\r\n        \r\n      \r\n    [\/vc_column][\/vc_row][vc_row disable_element=\u00a0\u00bbyes\u00a0\u00bb animation_delay=\u00a0\u00bb300&Prime; el_class=\u00a0\u00bbour-numbers\u00a0\u00bb css=\u00a0\u00bb.vc_custom_1724237844667{padding-bottom: 100px !important;}\u00a0\u00bb][vc_column][vc_row_inner][vc_column_inner width=\u00a0\u00bb1\/4&Prime; css=\u00a0\u00bb.vc_custom_1539423517107{padding-top: 0px !important;}\u00a0\u00bb]\t<div class=\"wd-count-up  animated \"  data-animated=fadeInUp>\r\n\t<svg xmlns=\"http:\/\/www.w3.org\/2000\/svg\" viewBox=\"0 0 68 55\"><defs><style>.cls-2{fill:none;stroke:#2b2759;stroke-linecap:round;stroke-linejoin:round;stroke-miterlimit:10;stroke-width:2px}<\/style><\/defs><g id=\"champion-bg\" transform=\"translate(-365 -8458)\"><circle id=\"Ellipse_543\" data-name=\"Ellipse 543\" cx=\"26.5\" cy=\"26.5\" r=\"26.5\" transform=\"translate(380 8459)\" fill=\"#f7c5ff\"\/><g id=\"champion-2842_fcb453b6-d2d7-4d18-b67f-ecc793150b3f\" transform=\"translate(364 8457)\"><rect id=\"layer2\" class=\"cls-2\" width=\"31.8\" height=\"14.133\" rx=\"2\" transform=\"translate(12.6 40.867)\"\/><path id=\"layer2-2\" data-name=\"layer2\" class=\"cls-2\" d=\"M24 51.667h14.133M31.067 44.6V34\" transform=\"translate(-2.567 -3.733)\"\/><path id=\"layer1-1-2\" class=\"cls-2\" d=\"M14.367 5.766C10.568 2.5 2 3.469 2 11.066S7.3 25.2 18.607 26.613M42.633 5.766C46.432 2.5 55 3.469 55 11.066S49.7 25.2 38.393 26.613\" transform=\"translate(0 -.233)\"\/><path id=\"layer1-1-2-2\" data-name=\"layer1-1-2\" class=\"cls-2\" d=\"M30.133 30.267c10.6 0 14.133-8.833 14.133-15.723V2H16v12.367c0 7.066 3.533 15.9 14.133 15.9z\" transform=\"translate(-1.633)\"\/><\/g><\/g><\/svg>\n\t<h3 class=\"wd-count-up__counter\" data-file=\"204\" >\r\n\t\t204\t<\/h3>\r\n\t<h4 class=\"wd-count-up__title\" >Awwards<\/h4>\r\n<\/div>\r\n\r\n\r\n<div class=\"wd_empty_space\" data-heightmobile=\"40\" data-heighttablet=\"20\" data-heightdesktop=\"0\">\r\n\r\n<\/div>\r\n      \r\n\r\n\r\n\r\n        \r\n      \r\n    [\/vc_column_inner][vc_column_inner width=\u00a0\u00bb1\/4&Prime; css=\u00a0\u00bb.vc_custom_1539423532483{padding-top: 0px !important;}\u00a0\u00bb]\t<div class=\"wd-count-up  animated \"  data-animated=fadeInUp>\r\n\t<svg xmlns=\"http:\/\/www.w3.org\/2000\/svg\" viewBox=\"0 0 67 57\"><defs><style>.cls-2{fill:none;stroke:#2b2759;stroke-linecap:round;stroke-linejoin:round;stroke-miterlimit:10;stroke-width:2px}<\/style><\/defs><g id=\"rocket-bg\" transform=\"translate(-614 -8454)\"><circle id=\"Ellipse_544\" data-name=\"Ellipse 544\" cx=\"26.5\" cy=\"26.5\" r=\"26.5\" transform=\"translate(628 8457)\" fill=\"#d4e6fe\"><\/circle><g id=\"spacecraft-3240_6a607206-a24b-4dbf-90db-0994df49b8c2\" transform=\"translate(607 8453)\"><circle id=\"layer3-1\" class=\"cls-2\" cx=\"3.667\" cy=\"3.667\" r=\"3.667\" transform=\"translate(26.333 16.667)\"><\/circle><path id=\"layer3\" class=\"cls-2\" d=\"M20.833 24h-2.841a2.658 2.658 0 0 0-2.658 2.658v11.184a2.658 2.658 0 0 1-2.2 2.658h-2.476A2.658 2.658 0 0 0 8 43.158v10.175h7.333M39.167 24h2.842a2.658 2.658 0 0 1 2.658 2.658v11.184a2.658 2.658 0 0 0 2.2 2.658h2.383A2.658 2.658 0 0 1 52 43.158v10.175h-7.333m-18.333 0h7.333m5.5-5.5V18.317C39.167 8.325 30 2 30 2s-9.167 6.325-9.167 16.317v29.516\"><\/path><path id=\"layer3-1-2\" data-name=\"layer3-1\" class=\"cls-2\" d=\"M27 61.167V57.5a5.5 5.5 0 0 0-11 0v3.667zm18.333 0V57.5a5.5 5.5 0 0 0-11 0v3.667z\" transform=\"translate(-.667 -4.167)\"><\/path><\/g><\/g><\/svg>\t<h3 class=\"wd-count-up__counter\" data-file=\"1024\" >\r\n\t\t1024\t<\/h3>\r\n\t<h4 class=\"wd-count-up__title\" >Projects<\/h4>\r\n<\/div>\r\n\r\n\r\n<div class=\"wd_empty_space\" data-heightmobile=\"40\" data-heighttablet=\"20\" data-heightdesktop=\"0\">\r\n\r\n<\/div>\r\n      \r\n\r\n\r\n\r\n        \r\n      \r\n    [\/vc_column_inner][vc_column_inner width=\u00a0\u00bb1\/4&Prime;]\t<div class=\"wd-count-up  animated \"  data-animated=fadeInUp>\r\n\t<svg xmlns=\"http:\/\/www.w3.org\/2000\/svg\" viewBox=\"0 0 79 53\"><defs><style>.cls-2{fill:none;stroke:#2b2759;stroke-linecap:round;stroke-linejoin:round;stroke-miterlimit:10;stroke-width:2px}<\/style><\/defs><g id=\"user-bg\" transform=\"translate(-626 -8457)\"><circle id=\"Ellipse_545\" data-name=\"Ellipse 545\" cx=\"26.5\" cy=\"26.5\" r=\"26.5\" transform=\"translate(652 8457)\" fill=\"#fecea6\"\/><g id=\"team-2715_cef8922e-7aa0-4ddd-96a7-34fde8bdc608\" transform=\"translate(625 8452.002)\"><path id=\"layer3-5\" class=\"cls-2\" d=\"M30 38a36.7 36.7 0 0 0 6-1.4c3.1-1.1 3-2.7 3-3.6v-2m-.8-21A8.9 8.9 0 0 1 44 8c4 0 9 2.4 9 8.6v5.8a11.4 11.4 0 0 1-4 8.6v1.9c0 1.2-.1 3.3 5.9 4.5A9 9 0 0 1 62 44v4H52\"\/><path id=\"layer3-3\" class=\"cls-2\" d=\"M37.4 43.9c-7.5-1-7.4-3.7-7.4-5.1v-2.3c2.7-2.4 4-6.4 4-10.9v-7C34 11 28.9 8 24 8s-10 3-10 10.6v7c0 4.5 1.3 8.6 4 11V39c0 1.5.1 3.9-7.4 4.9A10.031 10.031 0 0 0 2 52v4h44v-4s0-6.8-8.6-8.1z\"\/><\/g><\/g><\/svg>\n\t<h3 class=\"wd-count-up__counter\" data-file=\"1024\" >\r\n\t\t1024\t<\/h3>\r\n\t<h4 class=\"wd-count-up__title\" >Happy clients<\/h4>\r\n<\/div>\r\n\r\n\r\n<div class=\"wd_empty_space\" data-heightmobile=\"40\" data-heighttablet=\"20\" data-heightdesktop=\"0\">\r\n\r\n<\/div>\r\n      \r\n\r\n\r\n\r\n        \r\n      \r\n    [\/vc_column_inner][vc_column_inner width=\u00a0\u00bb1\/4&Prime;]\t<div class=\"wd-count-up  animated \"  data-animated=fadeInUp>\r\n\t<svg xmlns=\"http:\/\/www.w3.org\/2000\/svg\" viewBox=\"0 0 79.033 54.001\"><defs><style>.cls-2{fill:none;stroke:#2b2759;stroke-linecap:round;stroke-linejoin:round;stroke-miterlimit:10;stroke-width:2px}<\/style><\/defs><g id=\"safe-bg\" transform=\"translate(-616.966 -8457.032)\"><circle id=\"Ellipse_546\" data-name=\"Ellipse 546\" cx=\"26.5\" cy=\"26.5\" r=\"26.5\" transform=\"translate(643 8457.033)\" fill=\"#e2d7ff\"\/><g id=\"safe-2291_ffa36413-4b0a-4d71-b890-8c672e1bac8c\" transform=\"translate(615.903 8455.968)\"><rect id=\"layer4\" class=\"cls-2\" width=\"52\" height=\"48.534\" rx=\"3.097\" transform=\"translate(2.065 2.065)\"\/><path id=\"layer4-2\" data-name=\"layer4\" class=\"cls-2\" d=\"M10.323 59.871v3.467m38.134-3.467v3.467\" transform=\"translate(-1.325 -9.273)\"\/><path id=\"layer1-4\" class=\"cls-2\" d=\"M9.991 10.323h38.134V44.99H9.991zm-1.733 8.666h3.467M8.258 36.323h3.467m8.667-8.667a10.4 10.4 0 1 1 1.387 5.2\" transform=\"translate(-.994 -1.325)\"\/><circle id=\"layer1-4-2\" data-name=\"layer1-4\" class=\"cls-2\" cx=\"1.733\" cy=\"1.733\" r=\"1.733\" transform=\"translate(28.065 24.598)\"\/><path id=\"layer1-4-3\" data-name=\"layer1-4\" class=\"cls-2\" d=\"M32.447 30.968H18.581\" transform=\"translate(-2.649 -4.636)\"\/><\/g><\/g><\/svg>\n\t<h3 class=\"wd-count-up__counter\" data-file=\"99.9%\" >\r\n\t\t99.9%\t<\/h3>\r\n\t<h4 class=\"wd-count-up__title\" >Up Time<\/h4>\r\n<\/div>\r\n\r\n\r\n<div class=\"wd_empty_space\" data-heightmobile=\"40\" data-heighttablet=\"20\" data-heightdesktop=\"0\">\r\n\r\n<\/div>\r\n      \r\n\r\n\r\n\r\n        \r\n      \r\n    [\/vc_column_inner][\/vc_row_inner]\r\n\r\n<div class=\"wd_empty_space\" data-heightmobile=\"30\" data-heighttablet=\"30\" data-heightdesktop=\"110\">\r\n\r\n<\/div>\r\n      \r\n\r\n\r\n\r\n        \r\n      \r\n    [\/vc_column][\/vc_row]<\/p>\n<\/div>","protected":false},"excerpt":{"rendered":"<p>[vc_row content_placement=\u00a0\u00bbmiddle\u00a0\u00bb css=\u00a0\u00bb.vc_custom_1724257189597{margin-top: -40px !important;margin-bottom: 140px !important;}\u00a0\u00bb][vc_column width=\u00a0\u00bb1\/2&Prime;][vc_row_inner][vc_column_inner][\/vc_column_inner][\/vc_row_inner][\/vc_column][vc_column width=\u00a0\u00bb1\/2&Prime;][vc_single_image image=\u00a0\u00bb10597&Prime; img_size=\u00a0\u00bb580px\u00a0\u00bb][\/vc_column][\/vc_row][vc_row full_width=\u00a0\u00bbstretch_row\u00a0\u00bb disable_element=\u00a0\u00bbyes\u00a0\u00bb background_position=\u00a0\u00bbleft center\u00a0\u00bb css=\u00a0\u00bb.vc_custom_1724257058171{background-position: center !important;background-repeat: no-repeat !important;background-size: cover !important;}\u00a0\u00bb][vc_column css=\u00a0\u00bb.vc_custom_1532627685696{padding-top: 0px !important;}\u00a0\u00bb][vc_row_inner][vc_column_inner][\/vc_column_inner][\/vc_row_inner][\/vc_column][\/vc_row][vc_row full_width=\u00a0\u00bbstretch_row\u00a0\u00bb disable_element=\u00a0\u00bbyes\u00a0\u00bb background_position=\u00a0\u00bbleft center\u00a0\u00bb css=\u00a0\u00bb.vc_custom_1724256973233{background-color: #efefef !important;background-position: center !important;background-repeat: no-repeat !important;background-size: cover !important;}\u00a0\u00bb][vc_column css=\u00a0\u00bb.vc_custom_1532627685696{padding-top: 0px !important;}\u00a0\u00bb][vc_row_inner][vc_column_inner width=\u00a0\u00bb2\/12&Prime;][\/vc_column_inner][vc_column_inner el_class=\u00a0\u00bbcustom-testimonials\u00a0\u00bb width=\u00a0\u00bb8\/12&Prime;][vc_column_text][\/vc_column_text][\/vc_column_inner][vc_column_inner width=\u00a0\u00bb2\/12&Prime;][\/vc_column_inner][\/vc_row_inner][\/vc_column][\/vc_row][vc_row disable_element=\u00a0\u00bbyes\u00a0\u00bb animation_delay=\u00a0\u00bb300&Prime;][vc_column][\/vc_column][\/vc_row][vc_row disable_element=\u00a0\u00bbyes\u00a0\u00bb animation_delay=\u00a0\u00bb300&Prime; el_class=\u00a0\u00bbour-numbers\u00a0\u00bb css=\u00a0\u00bb.vc_custom_1724237844667{padding-bottom: 100px !important;}\u00a0\u00bb][vc_column][vc_row_inner][vc_column_inner width=\u00a0\u00bb1\/4&Prime; css=\u00a0\u00bb.vc_custom_1539423517107{padding-top: [&hellip;]<\/p>\n","protected":false},"author":1,"featured_media":0,"parent":0,"menu_order":0,"comment_status":"closed","ping_status":"closed","template":"","meta":{"footnotes":""},"class_list":["post-11213","page","type-page","status-publish","hentry"],"_links":{"self":[{"href":"https:\/\/incees47.com\/fr\/wp-json\/wp\/v2\/pages\/11213","targetHints":{"allow":["GET"]}}],"collection":[{"href":"https:\/\/incees47.com\/fr\/wp-json\/wp\/v2\/pages"}],"about":[{"href":"https:\/\/incees47.com\/fr\/wp-json\/wp\/v2\/types\/page"}],"author":[{"embeddable":true,"href":"https:\/\/incees47.com\/fr\/wp-json\/wp\/v2\/users\/1"}],"replies":[{"embeddable":true,"href":"https:\/\/incees47.com\/fr\/wp-json\/wp\/v2\/comments?post=11213"}],"version-history":[{"count":6,"href":"https:\/\/incees47.com\/fr\/wp-json\/wp\/v2\/pages\/11213\/revisions"}],"predecessor-version":[{"id":11255,"href":"https:\/\/incees47.com\/fr\/wp-json\/wp\/v2\/pages\/11213\/revisions\/11255"}],"wp:attachment":[{"href":"https:\/\/incees47.com\/fr\/wp-json\/wp\/v2\/media?parent=11213"}],"curies":[{"name":"wp","href":"https:\/\/api.w.org\/{rel}","templated":true}]}}