{"id":11180,"date":"2024-09-12T16:12:27","date_gmt":"2024-09-12T15:12:27","guid":{"rendered":"https:\/\/incees47.com\/contactez-nous\/"},"modified":"2024-09-30T17:32:20","modified_gmt":"2024-09-30T16:32:20","slug":"contactez-nous","status":"publish","type":"page","link":"https:\/\/incees47.com\/fr\/contactez-nous\/","title":{"rendered":"Contactez nous"},"content":{"rendered":"<div class=\"wpb-content-wrapper\"><p>[vc_row content_placement=\u00a0\u00bbmiddle\u00a0\u00bb css=\u00a0\u00bb.vc_custom_1724258013789{padding-top: 60px !important;padding-right: 0px !important;padding-bottom: 15px !important;padding-left: 0px !important;}\u00a0\u00bb][vc_column width=\u00a0\u00bb5\/12&Prime; el_class=\u00a0\u00bbcustom-heading\u00a0\u00bb]<div class='wd_empty_space' data-heightmobile='0' data-heighttablet='0' data-heightdesktop='0'><\/div><div class=\"wd-heading text-left  \" style=\"max-width: 100%\" >\r\n\t\r\n\t\t\r\n\t\t<h2 style=\"margin:0;\" class=\"title_c\">\r\n\t\tContactez nous\t\t<\/h2>\r\n\r\n\t\t\t\t\t\t\t<p style=\"\" class=\"sub_title_c\">\r\n\t\t\tPr\u00eat \u00e0 collaborer avec un centre d'appels qui place la qualit\u00e9 et l'innovation au c\u0153ur de ses pr\u00e9occupations ? Contactez-nous d\u00e8s aujourd'hui pour d\u00e9couvrir comment InCees47 peut transformer votre relation client.\t\t\t<\/p>\r\n\t\t\t\t\r\n\t\t<\/div>\r\n\t<div class='wd_empty_space' data-heightmobile='0' data-heighttablet='0' data-heightdesktop='0'><\/div>\r\n\r\n<div class=\"wd_empty_space\" data-heightmobile=\"40\" data-heighttablet=\"40\" data-heightdesktop=\"40\">\r\n\r\n<\/div>\r\n      \r\n\r\n\r\n\r\n        \r\n      \r\n    \r\n\t<div class=\" vc_custom_1724257449889 no-hover text-icon text-icon--icon-left_position boxes  clearfix\"  >\r\n\t\t<div class=\"text-icon__container   \">\r\n\t\t\t\t<div class=\"text-icon__icon-box \">\r\n\t\t\t\t\t\t\t\t\t\t<i class=\"fa far fa-envelope\" style=\"color: #000\"><\/i>\t\t\t\t<\/div>\r\n\t\t\t\t<div class=\"text-icon__content-box\"  >\r\n\t\t\t\t\t<h4 class=\"text-icon__title \">\r\n\t\t\t\t\t\tAdresse \u00e9lectronique\t\t\t\t\t<\/h4>\r\n\t\t\t\t\t<p class=\"text-icon__text  \">\r\n\t\t\t\t\t\t\tcontact@incees47.com\t\t\t\t\t<\/p>\r\n\t\t\t\t\t\t\t\t\t<\/div>\r\n\t\t<\/div>\r\n\t<\/div>\r\n\r\n\t\r\n\t<div class=\" vc_custom_1727713839137 no-hover text-icon text-icon--icon-left_position boxes  clearfix\"  >\r\n\t\t<div class=\"text-icon__container   \">\r\n\t\t\t\t<div class=\"text-icon__icon-box \">\r\n\t\t\t\t\t\t\t\t\t\t<i class=\"fa fas fa-phone-square\" style=\"color: #000\"><\/i>\t\t\t\t<\/div>\r\n\t\t\t\t<div class=\"text-icon__content-box\"  >\r\n\t\t\t\t\t<h4 class=\"text-icon__title \">\r\n\t\t\t\t\t\tNum\u00e9ro de t\u00e9l\u00e9phone\t\t\t\t\t<\/h4>\r\n\t\t\t\t\t<p class=\"text-icon__text  \">\r\n\t\t\t\t\t\t\t+212 6 66 65 42 39\t\t\t\t\t<\/p>\r\n\t\t\t\t\t\t\t\t\t<\/div>\r\n\t\t<\/div>\r\n\t<\/div>\r\n\r\n\t\r\n\t<div class=\" vc_custom_1727713936497 no-hover text-icon text-icon--icon-left_position boxes  clearfix\"  >\r\n\t\t<div class=\"text-icon__container   \">\r\n\t\t\t\t<div class=\"text-icon__icon-box \">\r\n\t\t\t\t\t\t\t\t\t\t<i class=\"fa fas fa-map-marker-alt\" style=\"color: #000\"><\/i>\t\t\t\t<\/div>\r\n\t\t\t\t<div class=\"text-icon__content-box\"  >\r\n\t\t\t\t\t<h4 class=\"text-icon__title \">\r\n\t\t\t\t\t\tNotre adresse\t\t\t\t\t<\/h4>\r\n\t\t\t\t\t<p class=\"text-icon__text  \">\r\n\t\t\t\t\t\t\tAv. Mouqwama Agadir 80000\t\t\t\t\t<\/p>\r\n\t\t\t\t\t\t\t\t\t<\/div>\r\n\t\t<\/div>\r\n\t<\/div>\r\n\r\n\t[\/vc_column][vc_column width=\u00a0\u00bb7\/12&Prime; css=\u00a0\u00bb.vc_custom_1613390674715{margin-top: 6px !important;}\u00a0\u00bb]\r\n\r\n<div class=\"wd_empty_space\" data-heightmobile=\"40\" data-heighttablet=\"40\" data-heightdesktop=\"60\">\r\n\r\n<\/div>\r\n      \r\n\r\n\r\n\r\n        \r\n      \r\n    \n<div class=\"wpcf7 no-js\" id=\"wpcf7-f11247-o1\" lang=\"fr-FR\" dir=\"ltr\">\n<div class=\"screen-reader-response\"><p role=\"status\" aria-live=\"polite\" aria-atomic=\"true\"><\/p> <ul><\/ul><\/div>\n<form action=\"\/fr\/wp-json\/wp\/v2\/pages\/11180#wpcf7-f11247-o1\" method=\"post\" class=\"wpcf7-form init\" aria-label=\"Formulaire de contact\" novalidate=\"novalidate\" data-status=\"init\">\n<div style=\"display: none;\">\n<input type=\"hidden\" name=\"_wpcf7\" value=\"11247\" \/>\n<input type=\"hidden\" name=\"_wpcf7_version\" value=\"5.9.8\" \/>\n<input type=\"hidden\" name=\"_wpcf7_locale\" value=\"fr_FR\" \/>\n<input type=\"hidden\" name=\"_wpcf7_unit_tag\" value=\"wpcf7-f11247-o1\" \/>\n<input type=\"hidden\" name=\"_wpcf7_container_post\" value=\"0\" \/>\n<input type=\"hidden\" name=\"_wpcf7_posted_data_hash\" value=\"\" \/>\n<\/div>\n<p><label> Votre Nom (obligatoire)<br \/>\n<span class=\"wpcf7-form-control-wrap\" data-name=\"your-name\"><input size=\"40\" maxlength=\"400\" class=\"wpcf7-form-control wpcf7-text wpcf7-validates-as-required\" aria-required=\"true\" aria-invalid=\"false\" value=\"\" type=\"text\" name=\"your-name\" \/><\/span> <\/label><br \/>\n<label> Votre e-mail (obligatoire)<br \/>\n<span class=\"wpcf7-form-control-wrap\" data-name=\"your-email\"><input size=\"40\" maxlength=\"400\" class=\"wpcf7-form-control wpcf7-email wpcf7-validates-as-required wpcf7-text wpcf7-validates-as-email\" aria-required=\"true\" aria-invalid=\"false\" value=\"\" type=\"email\" name=\"your-email\" \/><\/span> <\/label><br \/>\n<label> Sujet<br \/>\n<span class=\"wpcf7-form-control-wrap\" data-name=\"your-subject\"><input size=\"40\" maxlength=\"400\" class=\"wpcf7-form-control wpcf7-text\" aria-invalid=\"false\" value=\"\" type=\"text\" name=\"your-subject\" \/><\/span> <\/label><br \/>\n<label> Votre Message<br \/>\n<span class=\"wpcf7-form-control-wrap\" data-name=\"your-message\"><textarea cols=\"40\" rows=\"10\" maxlength=\"2000\" class=\"wpcf7-form-control wpcf7-textarea\" aria-invalid=\"false\" name=\"your-message\"><\/textarea><\/span> <\/label><br \/>\n<input class=\"wpcf7-form-control wpcf7-submit has-spinner\" type=\"submit\" value=\"Envoyer\" \/>\n<\/p><div class=\"wpcf7-response-output\" aria-hidden=\"true\"><\/div>\n<\/form>\n<\/div>\n\r\n\r\n<div class=\"wd_empty_space\" data-heightmobile=\"40\" data-heighttablet=\"40\" data-heightdesktop=\"60\">\r\n\r\n<\/div>\r\n      \r\n\r\n\r\n\r\n        \r\n      \r\n    [\/vc_column][\/vc_row]<\/p>\n<\/div>","protected":false},"excerpt":{"rendered":"<p>[vc_row content_placement=\u00a0\u00bbmiddle\u00a0\u00bb css=\u00a0\u00bb.vc_custom_1724258013789{padding-top: 60px !important;padding-right: 0px !important;padding-bottom: 15px !important;padding-left: 0px !important;}\u00a0\u00bb][vc_column width=\u00a0\u00bb5\/12&Prime; el_class=\u00a0\u00bbcustom-heading\u00a0\u00bb][\/vc_column][vc_column width=\u00a0\u00bb7\/12&Prime; css=\u00a0\u00bb.vc_custom_1613390674715{margin-top: 6px !important;}\u00a0\u00bb][\/vc_column][\/vc_row]<\/p>\n","protected":false},"author":1,"featured_media":0,"parent":0,"menu_order":0,"comment_status":"closed","ping_status":"closed","template":"","meta":{"footnotes":""},"class_list":["post-11180","page","type-page","status-publish","hentry"],"_links":{"self":[{"href":"https:\/\/incees47.com\/fr\/wp-json\/wp\/v2\/pages\/11180","targetHints":{"allow":["GET"]}}],"collection":[{"href":"https:\/\/incees47.com\/fr\/wp-json\/wp\/v2\/pages"}],"about":[{"href":"https:\/\/incees47.com\/fr\/wp-json\/wp\/v2\/types\/page"}],"author":[{"embeddable":true,"href":"https:\/\/incees47.com\/fr\/wp-json\/wp\/v2\/users\/1"}],"replies":[{"embeddable":true,"href":"https:\/\/incees47.com\/fr\/wp-json\/wp\/v2\/comments?post=11180"}],"version-history":[{"count":6,"href":"https:\/\/incees47.com\/fr\/wp-json\/wp\/v2\/pages\/11180\/revisions"}],"predecessor-version":[{"id":11252,"href":"https:\/\/incees47.com\/fr\/wp-json\/wp\/v2\/pages\/11180\/revisions\/11252"}],"wp:attachment":[{"href":"https:\/\/incees47.com\/fr\/wp-json\/wp\/v2\/media?parent=11180"}],"curies":[{"name":"wp","href":"https:\/\/api.w.org\/{rel}","templated":true}]}}